{"id":218,"date":"2024-04-02T18:31:54","date_gmt":"2024-04-02T23:31:54","guid":{"rendered":"http:\/\/munibingo.com\/bingo_wp\/?page_id=218"},"modified":"2024-04-08T22:17:35","modified_gmt":"2024-04-09T03:17:35","slug":"home","status":"publish","type":"page","link":"http:\/\/munibingo.com\/bingo_wp\/","title":{"rendered":"home"},"content":{"rendered":"\t\t<div data-elementor-type=\"wp-page\" data-elementor-id=\"218\" class=\"elementor elementor-218\">\n\t\t\t\t\t\t<section class=\"elementor-section elementor-top-section elementor-element elementor-element-e4950f8 elementor-section-full_width elementor-section-height-default elementor-section-height-default\" data-id=\"e4950f8\" data-element_type=\"section\" data-e-type=\"section\">\n\t\t\t\t\t\t<div class=\"elementor-container elementor-column-gap-no\">\n\t\t\t\t\t<div class=\"aux-parallax-section elementor-column elementor-col-100 elementor-top-column elementor-element elementor-element-016970c\" data-id=\"016970c\" data-element_type=\"column\" data-e-type=\"column\">\n\t\t\t<div class=\"elementor-widget-wrap elementor-element-populated\">\n\t\t\t\t\t\t<div class=\"elementor-element elementor-element-aa4f308 elementor-widget elementor-widget-aux_touch_slider\" data-id=\"aa4f308\" data-element_type=\"widget\" data-e-type=\"widget\" data-widget_type=\"aux_touch_slider.default\">\n\t\t\t\t<div class=\"elementor-widget-container\">\n\t\t\t\t\t<section class=\"widget-container aux-widget-touch-slider aux-widget-post-slider aux-parent-au1676911d\"><div class=\"master-carousel-slider aux-latest-posts-slider aux-no-js aux-light-skin\" data-empty-height=\"305\" data-navigation=\"peritem\" data-space=\"0\" data-auto-height=\"true\" data-delay=\"2\" data-loop=\"yes\" data-autoplay=\"1\">        <div class=\"aux-mc-item\" >\n                <div class=\"aux-slide-media\">\n                    <div class=\"aux-media-frame aux-media-image\"><img fetchpriority=\"high\" decoding=\"async\" width=\"960\" height=\"305\" src=\"http:\/\/munibingo.com\/bingo_wp\/wp-content\/uploads\/2024\/04\/apps.3686.14135517876866389.e3ad823f-65b3-4e63-afef-75ba5b3b9b1f-960x305.jpg\" class=\"auxin-attachment attachment-960x305\" alt=\"apps.3686.14135517876866389.e3ad823f-65b3-4e63-afef-75ba5b3b9b1f\" \/><\/div>\n                <\/div>\n                    <\/div>\n\n        <div class=\"aux-next-arrow aux-arrow-nav aux-white aux-round aux-hover-slide\">\n            <span class=\"aux-overlay\"><\/span>\n            <span class=\"aux-svg-arrow aux-medium-right\"><\/span>\n            <span class=\"aux-hover-arrow aux-svg-arrow aux-medium-right\"><\/span>\n        <\/div>\n        <div class=\"aux-prev-arrow aux-arrow-nav aux-white aux-round aux-hover-slide\">\n            <span class=\"aux-overlay\"><\/span>\n            <span class=\"aux-svg-arrow aux-medium-left\"><\/span>\n            <span class=\"aux-hover-arrow aux-svg-arrow aux-medium-left\"><\/span>\n        <\/div>\n<\/div><!-- aux-col-wrapper --><\/section><!-- widget-container -->\t\t\t\t<\/div>\n\t\t\t\t<\/div>\n\t\t\t\t\t<\/div>\n\t\t<\/div>\n\t\t\t\t\t<\/div>\n\t\t<\/section>\n\t\t\t\t<section class=\"elementor-section elementor-top-section elementor-element elementor-element-9d55b62 elementor-section-full_width elementor-section-height-default elementor-section-height-default\" data-id=\"9d55b62\" data-element_type=\"section\" data-e-type=\"section\">\n\t\t\t\t\t\t<div class=\"elementor-container elementor-column-gap-no\">\n\t\t\t\t\t<div class=\"aux-parallax-section elementor-column elementor-col-50 elementor-top-column elementor-element elementor-element-49a0521\" data-id=\"49a0521\" data-element_type=\"column\" data-e-type=\"column\">\n\t\t\t<div class=\"elementor-widget-wrap elementor-element-populated\">\n\t\t\t\t\t\t<div class=\"elementor-element elementor-element-5234829 elementor-widget__width-initial elementor-widget elementor-widget-aux_modern_heading\" data-id=\"5234829\" data-element_type=\"widget\" data-e-type=\"widget\" data-widget_type=\"aux_modern_heading.default\">\n\t\t\t\t<div class=\"elementor-widget-container\">\n\t\t\t\t\t<section class=\"aux-widget-modern-heading\">\n            <div class=\"aux-widget-inner\"><h2 class=\"aux-modern-heading-primary\">Distritos<\/h2><div class=\"aux-modern-heading-divider\"><\/div><\/div>\n        <\/section>\t\t\t\t<\/div>\n\t\t\t\t<\/div>\n\t\t\t\t<div class=\"elementor-element elementor-element-e9fbf30 elementor-widget__width-initial elementor-widget elementor-widget-aux_modern_heading\" data-id=\"e9fbf30\" data-element_type=\"widget\" data-e-type=\"widget\" data-widget_type=\"aux_modern_heading.default\">\n\t\t\t\t<div class=\"elementor-widget-container\">\n\t\t\t\t\t<section class=\"aux-widget-modern-heading\">\n            <div class=\"aux-widget-inner\"><h2 class=\"aux-modern-heading-primary\">Lima Norte<\/h2><div class=\"aux-modern-heading-divider\"><\/div><div class=\"aux-modern-heading-description\"><h3><a href=\"\/\/carabayllo.munibingo.com\/\">Carabayllo<\/a><\/h3><h3><a href=\"https:\/\/smp.munibingo.com\/\">San Martin de Porres<\/a><\/h3><\/div><\/div>\n        <\/section>\t\t\t\t<\/div>\n\t\t\t\t<\/div>\n\t\t\t\t<div class=\"elementor-element elementor-element-0ea2edb elementor-widget__width-initial elementor-widget elementor-widget-aux_modern_heading\" data-id=\"0ea2edb\" data-element_type=\"widget\" data-e-type=\"widget\" data-widget_type=\"aux_modern_heading.default\">\n\t\t\t\t<div class=\"elementor-widget-container\">\n\t\t\t\t\t<section class=\"aux-widget-modern-heading\">\n            <div class=\"aux-widget-inner\"><h2 class=\"aux-modern-heading-primary\">Lima Centro<\/h2><div class=\"aux-modern-heading-divider\"><\/div><div class=\"aux-modern-heading-description\"><h3><a href=\"https:\/\/magdalena.munibingo.com\/\">Magdalena<\/a><\/h3><h3><a href=\"https:\/\/sanmiguel.munibingo.com\/\">San Miguel<\/a><\/h3><h3><a href=\"https:\/\/rimac.munibingo.com\/\">Rimac<\/a><\/h3><\/div><\/div>\n        <\/section>\t\t\t\t<\/div>\n\t\t\t\t<\/div>\n\t\t\t\t<div class=\"elementor-element elementor-element-f18b116 elementor-widget__width-initial elementor-widget elementor-widget-aux_modern_heading\" data-id=\"f18b116\" data-element_type=\"widget\" data-e-type=\"widget\" data-widget_type=\"aux_modern_heading.default\">\n\t\t\t\t<div class=\"elementor-widget-container\">\n\t\t\t\t\t<section class=\"aux-widget-modern-heading\">\n            <div class=\"aux-widget-inner\"><h2 class=\"aux-modern-heading-primary\">Callao<\/h2><div class=\"aux-modern-heading-divider\"><\/div><div class=\"aux-modern-heading-description\"><h3><a href=\"https:\/\/callao.munibingo.com\/\">Callao<\/a><\/h3><h3><a href=\"https:\/\/carmendelalegua.munibingo.com\/\">Carmen de Legua<\/a><\/h3><\/div><\/div>\n        <\/section>\t\t\t\t<\/div>\n\t\t\t\t<\/div>\n\t\t\t\t<div class=\"elementor-element elementor-element-8ef3db1 elementor-widget__width-initial elementor-widget elementor-widget-aux_modern_heading\" data-id=\"8ef3db1\" data-element_type=\"widget\" data-e-type=\"widget\" data-widget_type=\"aux_modern_heading.default\">\n\t\t\t\t<div class=\"elementor-widget-container\">\n\t\t\t\t\t<section class=\"aux-widget-modern-heading\">\n            <div class=\"aux-widget-inner\"><h2 class=\"aux-modern-heading-primary\">Lima Sur<\/h2><div class=\"aux-modern-heading-divider\"><\/div><div class=\"aux-modern-heading-description\"><h3><a href=\"https:\/\/lurin.munibingo.com\/\">Lurin<\/a><a href=\"https:\/\/lurin.munibingo.com\/\"><br \/><\/a><\/h3><\/div><\/div>\n        <\/section>\t\t\t\t<\/div>\n\t\t\t\t<\/div>\n\t\t\t\t\t<\/div>\n\t\t<\/div>\n\t\t\t\t<div class=\"aux-parallax-section elementor-column elementor-col-50 elementor-top-column elementor-element elementor-element-6692595\" data-id=\"6692595\" data-element_type=\"column\" data-e-type=\"column\">\n\t\t\t<div class=\"elementor-widget-wrap elementor-element-populated\">\n\t\t\t\t\t\t<div class=\"elementor-element elementor-element-fd615f8 elementor-widget__width-initial elementor-widget elementor-widget-aux_image\" data-id=\"fd615f8\" data-element_type=\"widget\" data-e-type=\"widget\" data-widget_type=\"aux_image.default\">\n\t\t\t\t<div class=\"elementor-widget-container\">\n\t\t\t\t\t<section class=\"widget-container aux-widget-image aux-alignnone aux-parent-au819a9379\">\n    <div class=\"aux-media-hint-frame \">\n        <div class=\"aux-media-image \" >\n        \n            \n\n            \n            <img decoding=\"async\" width=\"1787\" height=\"2927\" src=\"http:\/\/munibingo.com\/bingo_wp\/wp-content\/uploads\/2024\/04\/Lima_Metropolitana_Distritos_Nombrados.png\" class=\"aux-attachment aux-featured-image aux-attachment-id-331\" alt=\"Lima_Metropolitana_Distritos_Nombrados\" data-ratio=\"0.61\" data-original-w=\"1787\" \/>            \n                <\/div>\n    <\/div>\n\n<\/section><!-- widget-container -->\t\t\t\t<\/div>\n\t\t\t\t<\/div>\n\t\t\t\t\t<\/div>\n\t\t<\/div>\n\t\t\t\t\t<\/div>\n\t\t<\/section>\n\t\t\t\t<section class=\"elementor-section elementor-top-section elementor-element elementor-element-dce1ace elementor-section-boxed elementor-section-height-default elementor-section-height-default\" data-id=\"dce1ace\" data-element_type=\"section\" data-e-type=\"section\">\n\t\t\t\t\t\t<div class=\"elementor-container elementor-column-gap-default\">\n\t\t\t\t\t<div class=\"aux-parallax-section elementor-column elementor-col-50 elementor-top-column elementor-element elementor-element-dff99c5\" data-id=\"dff99c5\" data-element_type=\"column\" data-e-type=\"column\" data-settings=\"{&quot;background_background&quot;:&quot;slideshow&quot;,&quot;background_slideshow_gallery&quot;:[{&quot;id&quot;:364,&quot;url&quot;:&quot;http:\\\/\\\/munibingo.com\\\/bingo_wp\\\/wp-content\\\/uploads\\\/2024\\\/04\\\/7ikkl.webp&quot;},{&quot;id&quot;:375,&quot;url&quot;:&quot;http:\\\/\\\/munibingo.com\\\/bingo_wp\\\/wp-content\\\/uploads\\\/2024\\\/04\\\/11.webp&quot;}],&quot;background_slideshow_loop&quot;:&quot;yes&quot;,&quot;background_slideshow_slide_duration&quot;:5000,&quot;background_slideshow_slide_transition&quot;:&quot;fade&quot;,&quot;background_slideshow_transition_duration&quot;:500}\">\n\t\t\t<div class=\"elementor-widget-wrap elementor-element-populated\">\n\t\t\t\t\t\t<div class=\"elementor-element elementor-element-44a8610 elementor-widget elementor-widget-aux_modern_heading\" data-id=\"44a8610\" data-element_type=\"widget\" data-e-type=\"widget\" data-widget_type=\"aux_modern_heading.default\">\n\t\t\t\t<div class=\"elementor-widget-container\">\n\t\t\t\t\t<section class=\"aux-widget-modern-heading\">\n            <div class=\"aux-widget-inner\"><h2 class=\"aux-modern-heading-primary\">Que es Munibingo?<\/h2><div class=\"aux-modern-heading-divider\"><\/div><\/div>\n        <\/section>\t\t\t\t<\/div>\n\t\t\t\t<\/div>\n\t\t\t\t\t<\/div>\n\t\t<\/div>\n\t\t\t\t<div class=\"aux-parallax-section elementor-column elementor-col-50 elementor-top-column elementor-element elementor-element-e645f82\" data-id=\"e645f82\" data-element_type=\"column\" data-e-type=\"column\">\n\t\t\t<div class=\"elementor-widget-wrap elementor-element-populated\">\n\t\t\t\t\t\t<div class=\"elementor-element elementor-element-79c7f68 elementor-widget elementor-widget-text-editor\" data-id=\"79c7f68\" data-element_type=\"widget\" data-e-type=\"widget\" data-widget_type=\"text-editor.default\">\n\t\t\t\t<div class=\"elementor-widget-container\">\n\t\t\t\t\t\t\t\t\t<div class=\"aux-modern-heading-description\"><p>Que es MuniBingo Es una aplicacion de entretenimiento orientado a las Municipalidades, que permitira dar ayuda solidaria a sus contribyentes mediante el juego familiar BINGO.<\/p><p>Este se divide en 2 modulos: Gestion Web, aqui es donde creamos el bingo con la fecha del juego, y descargar las cartillas de los participantes al BINGO, tambi\u00e9n es donde los usuarios van a poder adquirir su cartilla completamente gratis, si no se encuentra registrado tendr\u00e1 la opci\u00f3n de poder registrarse al m\u00f3dulo.<\/p><p>Juego Bingo, es un m\u00f3dulo de escritorio que se tiene que instalar en una computadora, es aqu\u00ed donde vamos a procesar la lista de las cartillas que participaran en el Juego, este m\u00f3dulo adicionalmente cuenta con una rifa ya que cada cartilla tiene su n\u00famero de serie.\u00a0<\/p><\/div>\t\t\t\t\t\t\t\t<\/div>\n\t\t\t\t<\/div>\n\t\t\t\t\t<\/div>\n\t\t<\/div>\n\t\t\t\t\t<\/div>\n\t\t<\/section>\n\t\t\t\t<\/div>\n\t\t","protected":false},"excerpt":{"rendered":"<p>Distritos Lima Norte Carabayllo San Martin de Porres Lima Centro Magdalena San Miguel Rimac Callao Callao Carmen de Legua Lima Sur Lurin Que es Munibingo? Que es MuniBingo Es una aplicacion de entretenimiento orientado a las Municipalidades, que permitira dar ayuda solidaria a sus contribyentes mediante el juego familiar BINGO. Este se divide en 2 [&hellip;]<\/p>\n","protected":false},"author":1,"featured_media":0,"parent":0,"menu_order":0,"comment_status":"closed","ping_status":"closed","template":"templates\/page-builder-content.php","meta":{"footnotes":""},"class_list":["post-218","page","type-page","status-publish","hentry"],"_links":{"self":[{"href":"http:\/\/munibingo.com\/bingo_wp\/wp-json\/wp\/v2\/pages\/218","targetHints":{"allow":["GET"]}}],"collection":[{"href":"http:\/\/munibingo.com\/bingo_wp\/wp-json\/wp\/v2\/pages"}],"about":[{"href":"http:\/\/munibingo.com\/bingo_wp\/wp-json\/wp\/v2\/types\/page"}],"author":[{"embeddable":true,"href":"http:\/\/munibingo.com\/bingo_wp\/wp-json\/wp\/v2\/users\/1"}],"replies":[{"embeddable":true,"href":"http:\/\/munibingo.com\/bingo_wp\/wp-json\/wp\/v2\/comments?post=218"}],"version-history":[{"count":179,"href":"http:\/\/munibingo.com\/bingo_wp\/wp-json\/wp\/v2\/pages\/218\/revisions"}],"predecessor-version":[{"id":432,"href":"http:\/\/munibingo.com\/bingo_wp\/wp-json\/wp\/v2\/pages\/218\/revisions\/432"}],"wp:attachment":[{"href":"http:\/\/munibingo.com\/bingo_wp\/wp-json\/wp\/v2\/media?parent=218"}],"curies":[{"name":"wp","href":"https:\/\/api.w.org\/{rel}","templated":true}]}}